{"id":1050,"date":"2023-04-11T12:55:58","date_gmt":"2023-04-11T10:55:58","guid":{"rendered":"https:\/\/sztcelgep.hu\/?page_id=1050"},"modified":"2023-04-11T13:03:23","modified_gmt":"2023-04-11T11:03:23","slug":"koszono-oldal","status":"publish","type":"page","link":"https:\/\/sztcelgep.hu\/en\/koszono-oldal\/","title":{"rendered":"K\u00f6sz\u00f6n\u0151 oldal"},"content":{"rendered":"<div data-elementor-type=\"wp-page\" data-elementor-id=\"1050\" class=\"elementor elementor-1050\">\n\t\t\t\t\t\t\t\t\t<section class=\"elementor-section elementor-top-section elementor-element elementor-element-1fe98f1f elementor-section-boxed elementor-section-height-default elementor-section-height-default\" data-id=\"1fe98f1f\" data-element_type=\"section\" data-settings=\"{&quot;background_background&quot;:&quot;classic&quot;}\">\n\t\t\t\t\t\t<div class=\"elementor-container elementor-column-gap-default\">\n\t\t\t\t\t<div class=\"elementor-column elementor-col-100 elementor-top-column elementor-element elementor-element-46b7615c\" data-id=\"46b7615c\" data-element_type=\"column\">\n\t\t\t<div class=\"elementor-widget-wrap elementor-element-populated\">\n\t\t\t\t\t\t\t\t<div class=\"elementor-element elementor-element-6c54bf0e elementor-invisible elementor-widget elementor-widget-heading\" data-id=\"6c54bf0e\" data-element_type=\"widget\" data-settings=\"{&quot;_animation&quot;:&quot;fadeInUp&quot;,&quot;_animation_delay&quot;:&quot;200&quot;}\" data-widget_type=\"heading.default\">\n\t\t\t\t<div class=\"elementor-widget-container\">\n\t\t\t<h2 class=\"elementor-heading-title elementor-size-default\">Thank you, we have received your message!<\/h2>\t\t<\/div>\n\t\t\t\t<\/div>\n\t\t\t\t<div class=\"elementor-element elementor-element-e674670 elementor-invisible elementor-widget elementor-widget-heading\" data-id=\"e674670\" data-element_type=\"widget\" data-settings=\"{&quot;_animation&quot;:&quot;fadeInUp&quot;,&quot;_animation_delay&quot;:&quot;400&quot;}\" data-widget_type=\"heading.default\">\n\t\t\t\t<div class=\"elementor-widget-container\">\n\t\t\t<h3 class=\"elementor-heading-title elementor-size-default\">WE WILL CONTACT YOU SOON!<\/h3>\t\t<\/div>\n\t\t\t\t<\/div>\n\t\t\t\t\t<\/div>\n\t\t<\/div>\n\t\t\t\t\t\t\t<\/div>\n\t\t<\/section>\n\t\t\t\t\t\t\t<\/div>","protected":false},"excerpt":{"rendered":"<p>K\u00f6sz\u00f6nj\u00fck, \u00fczenet\u00e9t megkaptuk! hamarosan felvessz\u00fck \u00d6nnel a kapcsolatot!<\/p>","protected":false},"author":1,"featured_media":0,"parent":0,"menu_order":0,"comment_status":"closed","ping_status":"closed","template":"elementor_canvas","meta":{"footnotes":""},"class_list":["post-1050","page","type-page","status-publish","hentry"],"yoast_head":"<!-- This site is optimized with the Yoast SEO plugin v20.7 - https:\/\/yoast.com\/wordpress\/plugins\/seo\/ -->\n<title>K\u00f6sz\u00f6n\u0151 oldal - sztcelgep<\/title>\n<meta name=\"robots\" content=\"index, follow, max-snippet:-1, max-image-preview:large, max-video-preview:-1\" \/>\n<link rel=\"canonical\" href=\"https:\/\/sztcelgep.hu\/en\/koszono-oldal\/\" \/>\n<meta property=\"og:locale\" content=\"en_GB\" \/>\n<meta property=\"og:type\" content=\"article\" \/>\n<meta property=\"og:title\" content=\"K\u00f6sz\u00f6n\u0151 oldal - sztcelgep\" \/>\n<meta property=\"og:description\" content=\"K\u00f6sz\u00f6nj\u00fck, \u00fczenet\u00e9t megkaptuk! hamarosan felvessz\u00fck \u00d6nnel a kapcsolatot!\" \/>\n<meta property=\"og:url\" content=\"https:\/\/sztcelgep.hu\/en\/koszono-oldal\/\" \/>\n<meta property=\"og:site_name\" content=\"sztcelgep\" \/>\n<meta property=\"article:modified_time\" content=\"2023-04-11T11:03:23+00:00\" \/>\n<meta name=\"twitter:card\" content=\"summary_large_image\" \/>\n<script type=\"application\/ld+json\" class=\"yoast-schema-graph\">{\"@context\":\"https:\/\/schema.org\",\"@graph\":[{\"@type\":\"WebPage\",\"@id\":\"https:\/\/sztcelgep.hu\/koszono-oldal\/\",\"url\":\"https:\/\/sztcelgep.hu\/koszono-oldal\/\",\"name\":\"K\u00f6sz\u00f6n\u0151 oldal - sztcelgep\",\"isPartOf\":{\"@id\":\"https:\/\/sztcelgep.hu\/#website\"},\"datePublished\":\"2023-04-11T10:55:58+00:00\",\"dateModified\":\"2023-04-11T11:03:23+00:00\",\"breadcrumb\":{\"@id\":\"https:\/\/sztcelgep.hu\/koszono-oldal\/#breadcrumb\"},\"inLanguage\":\"en-GB\",\"potentialAction\":[{\"@type\":\"ReadAction\",\"target\":[\"https:\/\/sztcelgep.hu\/koszono-oldal\/\"]}]},{\"@type\":\"BreadcrumbList\",\"@id\":\"https:\/\/sztcelgep.hu\/koszono-oldal\/#breadcrumb\",\"itemListElement\":[{\"@type\":\"ListItem\",\"position\":1,\"name\":\"Kezd\u0151lap\",\"item\":\"https:\/\/sztcelgep.hu\/\"},{\"@type\":\"ListItem\",\"position\":2,\"name\":\"K\u00f6sz\u00f6n\u0151 oldal\"}]},{\"@type\":\"WebSite\",\"@id\":\"https:\/\/sztcelgep.hu\/#website\",\"url\":\"https:\/\/sztcelgep.hu\/\",\"name\":\"sztcelgep\",\"description\":\"M\u00e9rn\u00f6ki Szolg\u00e1ltat\u00e1s \u00e9s C\u00e9lg\u00e9ptervez\u00e9s\",\"publisher\":{\"@id\":\"https:\/\/sztcelgep.hu\/#organization\"},\"potentialAction\":[{\"@type\":\"SearchAction\",\"target\":{\"@type\":\"EntryPoint\",\"urlTemplate\":\"https:\/\/sztcelgep.hu\/?s={search_term_string}\"},\"query-input\":\"required name=search_term_string\"}],\"inLanguage\":\"en-GB\"},{\"@type\":\"Organization\",\"@id\":\"https:\/\/sztcelgep.hu\/#organization\",\"name\":\"sztcelgep\",\"url\":\"https:\/\/sztcelgep.hu\/\",\"logo\":{\"@type\":\"ImageObject\",\"inLanguage\":\"en-GB\",\"@id\":\"https:\/\/sztcelgep.hu\/#\/schema\/logo\/image\/\",\"url\":\"https:\/\/sztcelgep.hu\/wp-content\/uploads\/2023\/01\/cropped-Logo03.png\",\"contentUrl\":\"https:\/\/sztcelgep.hu\/wp-content\/uploads\/2023\/01\/cropped-Logo03.png\",\"width\":512,\"height\":512,\"caption\":\"sztcelgep\"},\"image\":{\"@id\":\"https:\/\/sztcelgep.hu\/#\/schema\/logo\/image\/\"},\"sameAs\":[\"https:\/\/www.linkedin.com\/company\/szt-celgep-kft\/\"]}]}<\/script>\n<!-- \/ Yoast SEO plugin. -->","yoast_head_json":{"title":"K\u00f6sz\u00f6n\u0151 oldal - sztcelgep","robots":{"index":"index","follow":"follow","max-snippet":"max-snippet:-1","max-image-preview":"max-image-preview:large","max-video-preview":"max-video-preview:-1"},"canonical":"https:\/\/sztcelgep.hu\/en\/koszono-oldal\/","og_locale":"en_GB","og_type":"article","og_title":"K\u00f6sz\u00f6n\u0151 oldal - sztcelgep","og_description":"K\u00f6sz\u00f6nj\u00fck, \u00fczenet\u00e9t megkaptuk! hamarosan felvessz\u00fck \u00d6nnel a kapcsolatot!","og_url":"https:\/\/sztcelgep.hu\/en\/koszono-oldal\/","og_site_name":"sztcelgep","article_modified_time":"2023-04-11T11:03:23+00:00","twitter_card":"summary_large_image","schema":{"@context":"https:\/\/schema.org","@graph":[{"@type":"WebPage","@id":"https:\/\/sztcelgep.hu\/koszono-oldal\/","url":"https:\/\/sztcelgep.hu\/koszono-oldal\/","name":"K\u00f6sz\u00f6n\u0151 oldal - sztcelgep","isPartOf":{"@id":"https:\/\/sztcelgep.hu\/#website"},"datePublished":"2023-04-11T10:55:58+00:00","dateModified":"2023-04-11T11:03:23+00:00","breadcrumb":{"@id":"https:\/\/sztcelgep.hu\/koszono-oldal\/#breadcrumb"},"inLanguage":"en-GB","potentialAction":[{"@type":"ReadAction","target":["https:\/\/sztcelgep.hu\/koszono-oldal\/"]}]},{"@type":"BreadcrumbList","@id":"https:\/\/sztcelgep.hu\/koszono-oldal\/#breadcrumb","itemListElement":[{"@type":"ListItem","position":1,"name":"Kezd\u0151lap","item":"https:\/\/sztcelgep.hu\/"},{"@type":"ListItem","position":2,"name":"K\u00f6sz\u00f6n\u0151 oldal"}]},{"@type":"WebSite","@id":"https:\/\/sztcelgep.hu\/#website","url":"https:\/\/sztcelgep.hu\/","name":"sztcelgep","description":"M\u00e9rn\u00f6ki Szolg\u00e1ltat\u00e1s \u00e9s C\u00e9lg\u00e9ptervez\u00e9s","publisher":{"@id":"https:\/\/sztcelgep.hu\/#organization"},"potentialAction":[{"@type":"SearchAction","target":{"@type":"EntryPoint","urlTemplate":"https:\/\/sztcelgep.hu\/?s={search_term_string}"},"query-input":"required name=search_term_string"}],"inLanguage":"en-GB"},{"@type":"Organization","@id":"https:\/\/sztcelgep.hu\/#organization","name":"sztcelgep","url":"https:\/\/sztcelgep.hu\/","logo":{"@type":"ImageObject","inLanguage":"en-GB","@id":"https:\/\/sztcelgep.hu\/#\/schema\/logo\/image\/","url":"https:\/\/sztcelgep.hu\/wp-content\/uploads\/2023\/01\/cropped-Logo03.png","contentUrl":"https:\/\/sztcelgep.hu\/wp-content\/uploads\/2023\/01\/cropped-Logo03.png","width":512,"height":512,"caption":"sztcelgep"},"image":{"@id":"https:\/\/sztcelgep.hu\/#\/schema\/logo\/image\/"},"sameAs":["https:\/\/www.linkedin.com\/company\/szt-celgep-kft\/"]}]}},"_links":{"self":[{"href":"https:\/\/sztcelgep.hu\/en\/wp-json\/wp\/v2\/pages\/1050","targetHints":{"allow":["GET"]}}],"collection":[{"href":"https:\/\/sztcelgep.hu\/en\/wp-json\/wp\/v2\/pages"}],"about":[{"href":"https:\/\/sztcelgep.hu\/en\/wp-json\/wp\/v2\/types\/page"}],"author":[{"embeddable":true,"href":"https:\/\/sztcelgep.hu\/en\/wp-json\/wp\/v2\/users\/1"}],"replies":[{"embeddable":true,"href":"https:\/\/sztcelgep.hu\/en\/wp-json\/wp\/v2\/comments?post=1050"}],"version-history":[{"count":10,"href":"https:\/\/sztcelgep.hu\/en\/wp-json\/wp\/v2\/pages\/1050\/revisions"}],"predecessor-version":[{"id":1068,"href":"https:\/\/sztcelgep.hu\/en\/wp-json\/wp\/v2\/pages\/1050\/revisions\/1068"}],"wp:attachment":[{"href":"https:\/\/sztcelgep.hu\/en\/wp-json\/wp\/v2\/media?parent=1050"}],"curies":[{"name":"wp","href":"https:\/\/api.w.org\/{rel}","templated":true}]}}